{"id":2,"date":"2020-03-23T08:22:25","date_gmt":"2020-03-23T07:22:25","guid":{"rendered":""},"modified":"2026-03-31T12:33:36","modified_gmt":"2026-03-31T10:33:36","slug":"beispiel-seite","status":"publish","type":"page","link":"http:\/\/www.judomicheldorf.com\/?page_id=2","title":{"rendered":"Impressum"},"content":{"rendered":"\n<p><strong>Obmann :\u00a0 Harald Lemmerer<\/strong><br>Pernzellerstra\u00dfe 24<br>4563 Gr\u00fcnburg<br>E-Mail: obmann@judomicheldorf.com<br>Tel: 0650\/2160897<\/p>\n\n\n\n<p><strong>Kassier: Julia Aichberger<\/strong><br>E-Mail: kassier@judomicheldorf.com<br>Tel: 0670\/2033669<\/p>\n\n\n\n<p><strong>Schriftf\u00fchrerin: Florian Aichberger<\/strong><br>E-Mail: presse@judomicheldorf.com<br>Tel: 0660\/4838140<\/p>\n\n\n\n<p><strong>Postanschrift:<\/strong><br>Mitterweg 14<br>4542 Nu\u00dfbach<\/p>\n\n\n\n<p><strong>Vereins polizeilich registrierter Verein ZVR Nr : 902498394<\/strong><\/p>\n\n\n\n<p><strong><a href=\"https:\/\/faichberger.quickconnect.to\/d\/s\/14ruDIoFJMRe2B3oPBunU382xRA9PTtJ\/EYMjIYvrOrA5XQ0enLXQ5UOmtISXguJi-Nr7AMZVPnww\" data-type=\"link\" data-id=\"https:\/\/faichberger.quickconnect.to\/d\/s\/14ruDIoFJMRe2B3oPBunU382xRA9PTtJ\/EYMjIYvrOrA5XQ0enLXQ5UOmtISXguJi-Nr7AMZVPnww\">Statuten<\/a><\/strong><\/p>\n\n\n\n<p><strong>Datenschutzhinweise &amp; Rechtliche Informationen des JV Micheldorf<\/strong><\/p>\n\n\n\n<ol class=\"wp-block-list\">\n<li>Allgemeines<br>Der Schutz Ihrer personenbezogenen Daten ist uns ein wichtiges Anliegen. Wir verarbeiten Ihre Daten ausschlie\u00dflich auf Grundlage der gesetzlichen Bestimmungen (DSGVO, TKG 2003). Diese Hinweise informieren Sie \u00fcber die wichtigsten Aspekte der Datenverarbeitung im Rahmen unseres Vereinslebens, unserer Veranstaltungen sowie unserer Online-Auftritte.<\/li>\n\n\n\n<li>Verantwortlicher<br>Judoverein Micheldorf<br>Pernzellerstra\u00dfe 24<br>4563 Gr\u00fcnburg<br>E-Mail: office@judomicheldorf.com<\/li>\n\n\n\n<li>Datenverarbeitung im Rahmen der Mitgliedschaft<br>\u2022 Bei Eintritt in den JV Micheldorf werden personenbezogene Daten (z. B. Name, Geburtsdatum, Adresse, Telefonnummer, E-Mail-Adresse, Bankverbindung) erhoben und verarbeitet.<br>\u2022 Diese Daten sind notwendig zur Verwaltung der Mitgliedschaft, zur Organisation des Trainings- und Vereinsbetriebs sowie zur Erf\u00fcllung der Meldepflichten an Fach- und Dachverb\u00e4nde (z. B. Judo Austria).<br>\u2022 Die Daten werden f\u00fcr die Dauer der Mitgliedschaft gespeichert. Nach Austritt werden sie, soweit gesetzlich erforderlich, aufbewahrt bzw. gel\u00f6scht.<\/li>\n\n\n\n<li>Fotos, Videos &amp; Social Media<br>\u2022 Im Rahmen des Trainings, von Veranstaltungen und Wettk\u00e4mpfen werden Fotos und Videos erstellt. Diese dienen der Vereinsdokumentation und k\u00f6nnen auf unserer Homepage, in Vereinsmedien, Printmedien sowie auf unseren Social-Media-Kan\u00e4len (Facebook, Instagram, Spond) ver\u00f6ffentlicht werden.<br>\u2022 Mit der Mitgliedschaft bzw. Teilnahme an einer Veranstaltung erkl\u00e4ren Sie sich grunds\u00e4tzlich damit einverstanden, dass solche Aufnahmen unentgeltlich genutzt werden d\u00fcrfen.<br>\u2022 Wenn Sie nicht m\u00f6chten, dass Fotos\/Videos von Ihnen oder Ihrem Kind ver\u00f6ffentlicht werden, teilen Sie uns das bitte vorab schriftlich mit. Wir werden dies respektieren und im Rahmen des M\u00f6glichen umsetzen.<\/li>\n\n\n\n<li>Ihre Rechte<br>Sie haben das Recht auf Auskunft, Berichtigung, L\u00f6schung, Einschr\u00e4nkung, Daten\u00fcbertragbarkeit, Widerruf und Widerspruch (Art. 15\u201321 DSGVO).<br>Wenn Sie glauben, dass die Verarbeitung Ihrer Daten gegen das Datenschutzrecht verst\u00f6\u00dft, k\u00f6nnen Sie sich bei uns (office@judomicheldorf.com) oder bei der Datenschutzbeh\u00f6rde beschweren.<\/li>\n\n\n\n<li>Haftung f\u00fcr Inhalte<br>Es wird keinerlei Gew\u00e4hr f\u00fcr die Richtigkeit, Vollst\u00e4ndigkeit und Aktualit\u00e4t der auf dieser Website und unseren Online-Kan\u00e4len bereitgestellten Informationen \u00fcbernommen. F\u00fcr Sch\u00e4den, gleich ob materieller oder immaterieller Natur, die durch die Nutzung der dargestellten Informationen verursacht werden, ist eine Haftung ausgeschlossen.<\/li>\n\n\n\n<li>Haftung f\u00fcr Hyperlinks<br>Der JV Micheldorf ist gem\u00e4\u00df \u00a7 17 ECG f\u00fcr Inhalte externer Websites, auf die mittels Hyperlinks verwiesen wird, nicht verantwortlich, solange keine Kenntnis von rechtswidrigen Inhalten vorliegt. Bei Bekanntwerden entsprechender Inhalte werden diese Links unverz\u00fcglich entfernt.<\/li>\n\n\n\n<li>Urheberrechte<br>Alle Inhalte (Texte, Bilder, Grafiken, Videos) sind urheberrechtlich gesch\u00fctzt. Eine Verwendung au\u00dferhalb des Vereins bedarf der ausdr\u00fccklichen Zustimmung des JV Micheldorf.<\/li>\n<\/ol>\n","protected":false},"excerpt":{"rendered":"<p>Obmann :\u00a0 Harald LemmererPernzellerstra\u00dfe 244563 Gr\u00fcnburgE-Mail: obmann@judomicheldorf.comTel: 0650\/2160897 Kassier: Julia AichbergerE-Mail: kassier@judomicheldorf.comTel: 0670\/2033669 Schriftf\u00fchrerin: Florian AichbergerE-Mail: presse@judomicheldorf.comTel: 0660\/4838140 Postanschrift:Mitterweg 144542 Nu\u00dfbach Vereins polizeilich registrierter<\/p>\n","protected":false},"author":1,"featured_media":0,"parent":0,"menu_order":0,"comment_status":"closed","ping_status":"open","template":"","meta":{"footnotes":""},"class_list":["post-2","page","type-page","status-publish","hentry"],"jetpack_sharing_enabled":true,"_links":{"self":[{"href":"http:\/\/www.judomicheldorf.com\/index.php?rest_route=\/wp\/v2\/pages\/2","targetHints":{"allow":["GET"]}}],"collection":[{"href":"http:\/\/www.judomicheldorf.com\/index.php?rest_route=\/wp\/v2\/pages"}],"about":[{"href":"http:\/\/www.judomicheldorf.com\/index.php?rest_route=\/wp\/v2\/types\/page"}],"author":[{"embeddable":true,"href":"http:\/\/www.judomicheldorf.com\/index.php?rest_route=\/wp\/v2\/users\/1"}],"replies":[{"embeddable":true,"href":"http:\/\/www.judomicheldorf.com\/index.php?rest_route=%2Fwp%2Fv2%2Fcomments&post=2"}],"version-history":[{"count":15,"href":"http:\/\/www.judomicheldorf.com\/index.php?rest_route=\/wp\/v2\/pages\/2\/revisions"}],"predecessor-version":[{"id":434,"href":"http:\/\/www.judomicheldorf.com\/index.php?rest_route=\/wp\/v2\/pages\/2\/revisions\/434"}],"wp:attachment":[{"href":"http:\/\/www.judomicheldorf.com\/index.php?rest_route=%2Fwp%2Fv2%2Fmedia&parent=2"}],"curies":[{"name":"wp","href":"https:\/\/api.w.org\/{rel}","templated":true}]}}